{"id":7,"date":"2020-07-04T18:20:31","date_gmt":"2020-07-04T21:20:31","guid":{"rendered":"https:\/\/agendamento.fsspx.com.br\/prioradosp\/?page_id=7"},"modified":"2021-07-22T17:19:16","modified_gmt":"2021-07-22T20:19:16","slug":"agendamento-para-missa","status":"publish","type":"page","link":"https:\/\/agendamento.fsspx.com.br\/prioradosp\/agendamento-para-missa\/","title":{"rendered":"Agendamento para Missa"},"content":{"rendered":"\n<p><strong>Agenda de Missas:<\/strong><\/p>\n\n\n\n<p>Instru\u00e7\u00f5es para fazer um agendamento:<\/p>\n\n\n\n<ol class=\"wp-block-list\"><li>Clique no dia desejado e siga as instru\u00e7\u00f5es.<\/li><li>Cada pessoa pode agendar-se apenas <strong>para um domingo a cada 15 dias<\/strong>.<\/li><li>Para festas maiores (ver <a href=\"https:\/\/www.fsspx.com.br\/boletim-mensal-do-priorado-padre-anchieta-arquivo\/\" data-type=\"URL\" data-id=\"https:\/\/www.fsspx.com.br\/boletim-mensal-do-priorado-padre-anchieta-arquivo\/\" target=\"_blank\" rel=\"noreferrer noopener\">Boletim Mensal<\/a>), primeiras sextas e s\u00e1bados, \u00e9 preciso agendar-se.<\/li><li>Para demais dias de semana, n\u00e3o \u00e9 preciso fazer agendamento.<\/li><\/ol>\n\n\n\n<p class=\"has-accent-color has-text-color has-background\" style=\"background-color:#f2ed65\">Se voc\u00ea representa uma fam\u00edlia, fa\u00e7a um agendamento para <strong>cada um dos membros<\/strong> (voc\u00ea, esposo\/esposa e cada um dos filhos). Crian\u00e7as at\u00e9 3 anos n\u00e3o precisam de agendamento pr\u00f3prio. <br><br>Ap\u00f3s confirmar o primeiro agendamento, basta clicar no mesmo hor\u00e1rio e fazer os demais. O cadastro inicial \u00e9 o mesmo (o do representante da fam\u00edlia).<\/p>\n\n\n\n<p class=\"has-accent-background-color has-background\">Aten\u00e7\u00e3o: se uma data n\u00e3o aparece dispon\u00edvel para agendamento, significa que n\u00e3o h\u00e1 mais vagas dispon\u00edveis para esta data. N\u00e3o \u00e9 necess\u00e1rio ligar ou enviar mensagens pedindo esclarecimentos.<\/p>\n\n\n\n<p class=\"has-background\" style=\"background-color:#b5faea\">Esqueceu a senha de acesso? <a href=\"https:\/\/agendamento.fsspx.com.br\/prioradosp\/wp-login.php?action=lostpassword\" target=\"_blank\" rel=\"noreferrer noopener\">Clique aqui para criar uma nova<\/a>.<\/p>\n\n\n<div class=\"booked-calendar-shortcode-wrap\"><div class=\"booked-calendar-wrap large\"><div class=\"booked-calendar\" data-calendar-id=\"7\" data-calendar-date=\"2026-04-01\">\n\t\t<div class=\"bc-head\">\n\n\t\t\t\n\t\t\t<div class=\"bc-row top\">\n\t\t\t\t<div class=\"bc-col\">\n\t\t\t\t\t\t\t\t\t\t<span class=\"calendarSavingState\">\n\t\t\t\t\t\t<i class=\"fa-solid fa-circle-notch fa-spin\"><\/i>\n\t\t\t\t\t<\/span>\n\t\t\t\t\t<span class=\"monthName\">\n\t\t\t\t\t\tabril 2026\t\t\t\t\t\t\t\t\t\t\t<\/span>\n\t\t\t\t\t<a href=\"#\" data-goto=\"2026-05-01\" class=\"page-right\"><i class=\"fa-solid fa-arrow-right\"><\/i><\/a>\t\t\t\t<\/div>\n\t\t\t<\/div>\n\t\t\t<div class=\"bc-row days\">\n\t\t\t\t<div class=\"bc-col\">dom<\/div>\t\t\t\t<div class=\"bc-col\">seg<\/div>\n\t\t\t\t<div class=\"bc-col\">ter<\/div>\n\t\t\t\t<div class=\"bc-col\">qua<\/div>\n\t\t\t\t<div class=\"bc-col\">qui<\/div>\n\t\t\t\t<div class=\"bc-col\">sex<\/div>\n\t\t\t\t<div class=\"bc-col\">s\u00e1b<\/div>\t\t\t\t\t\t\t<\/div>\n\t\t<\/div>\n\t\t<div class=\"bc-body\"><div class=\"bc-row week\"><div data-date=\"2026-03-29\" class=\"bc-col prev-month prev-date\"><span class=\"date\"><span class=\"number\">29<\/span><\/span><\/div><div data-date=\"2026-03-30\" class=\"bc-col prev-month prev-date\"><span class=\"date\"><span class=\"number\">30<\/span><\/span><\/div><div data-date=\"2026-03-31\" class=\"bc-col prev-month prev-date\"><span class=\"date\"><span class=\"number\">31<\/span><\/span><\/div><div data-date=\"2026-04-1\" class=\"bc-col prev-date\"><span class=\"date\"><span class=\"number\">1<\/span><\/span><\/div><div data-date=\"2026-04-2\" class=\"bc-col prev-date\"><span class=\"date\"><span class=\"number\">2<\/span><\/span><\/div><div data-date=\"2026-04-3\" class=\"bc-col prev-date\"><span class=\"date\"><span class=\"number\">3<\/span><\/span><\/div><div data-date=\"2026-04-4\" class=\"bc-col prev-date\"><span class=\"date\"><span class=\"number\">4<\/span><\/span><\/div><\/div><div class=\"bc-row week\"><div data-date=\"2026-04-5\" class=\"bc-col today prev-date\"><span class=\"date\"><span class=\"number\">5<\/span><\/span><\/div><div data-date=\"2026-04-6\" class=\"bc-col prev-date\"><span class=\"date\"><span class=\"number\">6<\/span><\/span><\/div><div data-date=\"2026-04-7\" class=\"bc-col prev-date\"><span class=\"date\"><span class=\"number\">7<\/span><\/span><\/div><div data-date=\"2026-04-8\" class=\"bc-col prev-date\"><span class=\"date\"><span class=\"number\">8<\/span><\/span><\/div><div data-date=\"2026-04-9\" class=\"bc-col prev-date\"><span class=\"date\"><span class=\"number\">9<\/span><\/span><\/div><div data-date=\"2026-04-10\" class=\"bc-col prev-date\"><span class=\"date\"><span class=\"number\">10<\/span><\/span><\/div><div data-date=\"2026-04-11\" class=\"bc-col prev-date\"><span class=\"date\"><span class=\"number\">11<\/span><\/span><\/div><\/div><div class=\"bc-row week\"><div data-date=\"2026-04-12\" class=\"bc-col prev-date\"><span class=\"date\"><span class=\"number\">12<\/span><\/span><\/div><div data-date=\"2026-04-13\" class=\"bc-col prev-date\"><span class=\"date\"><span class=\"number\">13<\/span><\/span><\/div><div data-date=\"2026-04-14\" class=\"bc-col prev-date\"><span class=\"date\"><span class=\"number\">14<\/span><\/span><\/div><div data-date=\"2026-04-15\" class=\"bc-col prev-date\"><span class=\"date\"><span class=\"number\">15<\/span><\/span><\/div><div data-date=\"2026-04-16\" class=\"bc-col prev-date\"><span class=\"date\"><span class=\"number\">16<\/span><\/span><\/div><div data-date=\"2026-04-17\" class=\"bc-col prev-date\"><span class=\"date\"><span class=\"number\">17<\/span><\/span><\/div><div data-date=\"2026-04-18\" class=\"bc-col prev-date\"><span class=\"date\"><span class=\"number\">18<\/span><\/span><\/div><\/div><div class=\"bc-row week\"><div data-date=\"2026-04-19\" class=\"bc-col prev-date\"><span class=\"date\"><span class=\"number\">19<\/span><\/span><\/div><div data-date=\"2026-04-20\" class=\"bc-col prev-date\"><span class=\"date\"><span class=\"number\">20<\/span><\/span><\/div><div data-date=\"2026-04-21\" class=\"bc-col prev-date\"><span class=\"date\"><span class=\"number\">21<\/span><\/span><\/div><div data-date=\"2026-04-22\" class=\"bc-col prev-date\"><span class=\"date\"><span class=\"number\">22<\/span><\/span><\/div><div data-date=\"2026-04-23\" class=\"bc-col prev-date\"><span class=\"date\"><span class=\"number\">23<\/span><\/span><\/div><div data-date=\"2026-04-24\" class=\"bc-col prev-date\"><span class=\"date\"><span class=\"number\">24<\/span><\/span><\/div><div data-date=\"2026-04-25\" class=\"bc-col prev-date\"><span class=\"date\"><span class=\"number\">25<\/span><\/span><\/div><\/div><div class=\"bc-row week\"><div data-date=\"2026-04-26\" class=\"bc-col prev-date\"><span class=\"date\"><span class=\"number\">26<\/span><\/span><\/div><div data-date=\"2026-04-27\" class=\"bc-col prev-date\"><span class=\"date\"><span class=\"number\">27<\/span><\/span><\/div><div data-date=\"2026-04-28\" class=\"bc-col prev-date\"><span class=\"date\"><span class=\"number\">28<\/span><\/span><\/div><div data-date=\"2026-04-29\" class=\"bc-col prev-date\"><span class=\"date\"><span class=\"number\">29<\/span><\/span><\/div><div data-date=\"2026-04-30\" class=\"bc-col prev-date\"><span class=\"date\"><span class=\"number\">30<\/span><\/span><\/div><div data-date=\"2026-05-1\" class=\"bc-col next-month prev-date\"><span class=\"date\"><span class=\"number\">1<\/span><\/span><\/div><div data-date=\"2026-05-2\" class=\"bc-col next-month prev-date\"><span class=\"date\"><span class=\"number\">2<\/span><\/span><\/div><\/div>\t\t<\/div>\n\t<\/div><\/div><\/div>\n\n\n\n<hr class=\"wp-block-separator\"\/>\n\n\n\n<p><strong>Meus agendamentos atuais:<\/strong><\/p>\n\n\n\n<p>Fa\u00e7a login para ver seus agendamentos realizados.<\/p>\n","protected":false},"excerpt":{"rendered":"<p>Agenda de Missas: Instru\u00e7\u00f5es para fazer um agendamento: Clique no dia desejado e siga as instru\u00e7\u00f5es. Cada pessoa pode agendar-se apenas para um domingo a cada 15 dias. Para festas maiores (ver Boletim Mensal), primeiras sextas e s\u00e1bados, \u00e9 preciso agendar-se. Para demais dias de semana, n\u00e3o \u00e9 preciso fazer agendamento. Se voc\u00ea representa uma [&hellip;]<\/p>\n","protected":false},"author":1,"featured_media":0,"parent":0,"menu_order":0,"comment_status":"closed","ping_status":"closed","template":"","meta":{"footnotes":""},"class_list":["post-7","page","type-page","status-publish","hentry"],"_links":{"self":[{"href":"https:\/\/agendamento.fsspx.com.br\/prioradosp\/wp-json\/wp\/v2\/pages\/7","targetHints":{"allow":["GET"]}}],"collection":[{"href":"https:\/\/agendamento.fsspx.com.br\/prioradosp\/wp-json\/wp\/v2\/pages"}],"about":[{"href":"https:\/\/agendamento.fsspx.com.br\/prioradosp\/wp-json\/wp\/v2\/types\/page"}],"author":[{"embeddable":true,"href":"https:\/\/agendamento.fsspx.com.br\/prioradosp\/wp-json\/wp\/v2\/users\/1"}],"replies":[{"embeddable":true,"href":"https:\/\/agendamento.fsspx.com.br\/prioradosp\/wp-json\/wp\/v2\/comments?post=7"}],"version-history":[{"count":5,"href":"https:\/\/agendamento.fsspx.com.br\/prioradosp\/wp-json\/wp\/v2\/pages\/7\/revisions"}],"predecessor-version":[{"id":28637,"href":"https:\/\/agendamento.fsspx.com.br\/prioradosp\/wp-json\/wp\/v2\/pages\/7\/revisions\/28637"}],"wp:attachment":[{"href":"https:\/\/agendamento.fsspx.com.br\/prioradosp\/wp-json\/wp\/v2\/media?parent=7"}],"curies":[{"name":"wp","href":"https:\/\/api.w.org\/{rel}","templated":true}]}}