{"id":14,"date":"2020-07-04T18:36:43","date_gmt":"2020-07-04T21:36:43","guid":{"rendered":"https:\/\/agendamento.fsspx.com.br\/prioradosp\/?page_id=14"},"modified":"2021-07-22T17:18:14","modified_gmt":"2021-07-22T20:18:14","slug":"cadastro","status":"publish","type":"page","link":"https:\/\/agendamento.fsspx.com.br\/prioradosp\/cadastro\/","title":{"rendered":"Cadastro"},"content":{"rendered":"\n<p>\u00c9 necess\u00e1rio fazer um cadastro antes de agendar sua presen\u00e7a nas Missas. Por favor, preencha cuidadosa e integralmente o formul\u00e1rio abaixo.<\/p>\n\n\n\n<p class=\"has-background\" style=\"background-color:#ffcedb\">Importante: crie apenas um cadastro. Se voc\u00ea esqueceu sua senha, <a href=\"https:\/\/agendamento.fsspx.com.br\/prioradosp\/wp-login.php?action=lostpassword\" target=\"_blank\" rel=\"noreferrer noopener\">clique aqui para criar uma nova<\/a> (N\u00c3O crie um novo cadastro!)<\/p>\n\n\n\n<div class=\"forminator-guttenberg\"><div class=\"forminator-ui forminator-custom-form forminator-custom-form-4 forminator-design--default  \" data-forminator-render=\"0\" data-form=\"forminator-module-4\"><br\/><\/div><form\r\n\t\t\t\tid=\"forminator-module-4\"\r\n\t\t\t\tclass=\"forminator-ui forminator-custom-form forminator-custom-form-4 forminator-design--default  \"\r\n\t\t\t\tmethod=\"post\"\r\n\t\t\t\tdata-forminator-render=\"0\"\r\n\t\t\t\tdata-form-id=\"4\"\r\n\t\t\t\t\r\n\t\t\t\tdata-design=\"default\"\r\n\t\t\t\t\r\n\t\t\t\t\r\n\t\t\t\t\r\n\t\t\t\tdata-grid=\"open\"\r\n\t\t\t\tenctype=\"multipart\/form-data\"\r\n\t\t\t\t\r\n\t\t\t\tstyle=\"display: none;\"\r\n\t\t\t><div class=\"forminator-response-message forminator-error\" aria-hidden=\"true\"><\/div><div class=\"forminator-row\"><div id=\"name-1\" class=\"forminator-col forminator-col-6 \"><div class=\"forminator-field\"><label for=\"forminator-field-name-1\" class=\"forminator-label\">Primeiro nome <span class=\"forminator-required\">*<\/span><\/label><input type=\"text\" name=\"name-1\" value=\"\" placeholder=\"Ex. Jo\u00e3o\" id=\"forminator-field-name-1\" class=\"forminator-input forminator-name--field\" aria-required=\"true\" \/><\/div><\/div><div id=\"name-4\" class=\"forminator-col forminator-col-6 \"><div class=\"forminator-field\"><label for=\"forminator-field-name-4\" class=\"forminator-label\">Sobrenome <span class=\"forminator-required\">*<\/span><\/label><input type=\"text\" name=\"name-4\" value=\"\" placeholder=\"Ex. da Silva\" id=\"forminator-field-name-4\" class=\"forminator-input forminator-name--field\" aria-required=\"true\" \/><\/div><\/div><\/div><div class=\"forminator-row\"><div id=\"email-1\" class=\"forminator-col forminator-col-12 \"><div class=\"forminator-field\"><label for=\"forminator-field-email-1\" class=\"forminator-label\">E-mail <span class=\"forminator-required\">*<\/span><\/label><input type=\"email\" name=\"email-1\" value=\"\" placeholder=\"Ex. joao@gmail.com\" id=\"forminator-field-email-1\" class=\"forminator-input forminator-email--field\" data-required=\"true\" aria-required=\"true\" \/><\/div><\/div><\/div><div class=\"forminator-row\"><div id=\"password-1\" class=\"forminator-col forminator-col-12 \"><div class=\"forminator-field\"><label for=\"forminator-field-password-1\" class=\"forminator-label\">Senha <span class=\"forminator-required\">*<\/span><\/label><input name=\"password-1\" value=\"\" placeholder=\"\" id=\"forminator-field-password-1\" class=\"forminator-input forminator-name--field\" data-required=\"true\" type=\"password\" \/><\/div><div class=\"forminator-description forminator-description-password\"><p>Escolha uma senha de acesso para o site.<\/p><\/div><\/div><\/div><div class=\"forminator-row\"><div id=\"radio-1\" class=\"forminator-col forminator-col-12 \"><div role=\"radiogroup\" class=\"forminator-field\" aria-labelledby=\"forminator-radiogroup-69d2015545f99-label\"><span id=\"forminator-radiogroup-69d2015545f99-label\" class=\"forminator-label\">Estado civil <span class=\"forminator-required\">*<\/span><\/span><label for=\"forminator-field-radio-1-1-69d2015545f99\" class=\"forminator-radio\" title=\"Casado\"><input type=\"radio\" name=\"radio-1\" value=\"casado\" id=\"forminator-field-radio-1-1-69d2015545f99\" data-calculation=\"0\"  \/><span class=\"forminator-radio-bullet\" aria-hidden=\"true\"><\/span><span class=\"forminator-radio-label\">Casado<\/span><\/label><label for=\"forminator-field-radio-1-2-69d2015545f99\" class=\"forminator-radio\" title=\"Solteiro\"><input type=\"radio\" name=\"radio-1\" value=\"solteiro\" id=\"forminator-field-radio-1-2-69d2015545f99\" data-calculation=\"0\"  \/><span class=\"forminator-radio-bullet\" aria-hidden=\"true\"><\/span><span class=\"forminator-radio-label\">Solteiro<\/span><\/label><\/div><\/div><\/div><div class=\"forminator-row\"><div id=\"upload-1\" class=\"forminator-col forminator-col-12 \"><div class=\"forminator-field\"><label for=\"forminator-field-upload-1\" class=\"forminator-label\">Foto pessoal <span class=\"forminator-required\">*<\/span><\/label><div class=\"forminator-file-upload \" data-element=\"upload-1\"><input type=\"file\" name=\"upload-1\" id=\"forminator-field-upload-1\" class=\"forminator-input-file-required do-validate\" accept=\".jpg,.jpeg,.jpe,.png,.gif,.mov,.qt,.avi,.mpeg,.mpg,.mpe,.3gp,.3gpp,.3g2,.3gp2,.mid,.midi,.pdf,.doc,.docx,.docm,.pot,.pps,.ppt,.pptx,.pptm,.odt,.ppsx,.ppsm,.xla,.xls,.xlt,.xlw,.xlsx,.xlsm,.xlsb,.key,.mp3,.m4a,.m4b,.ogg,.oga,.flac,.wav,.mp4,.m4v,.webm,.ogv,.flv\"><button id=\"forminator-field-upload-1_button\" class=\"forminator-button forminator-button-upload\" data-id=\"forminator-field-upload-1\">Selecione Arquivo<\/button><span data-empty-text=\"Nenhum arquivo selecionado ainda\">Nenhum arquivo selecionado ainda<\/span><button class=\"forminator-button-delete\" style=\"display: none;\"><i class=\"forminator-icon-close\" aria-hidden=\"true\"><\/i><span class=\"forminator-screen-reader-only\">Deletar arquivo enviado<\/span><\/button><\/div><\/div><\/div><\/div><div class=\"forminator-row\"><div id=\"address-1\" class=\"forminator-col forminator-col-12 \"><div class=\"forminator-row\"><div class=\"forminator-col\"><div class=\"forminator-field\"><label for=\"forminator-field-street_address-address-1\" class=\"forminator-label\">Nome da Rua <span class=\"forminator-required\">*<\/span><\/label><input type=\"text\" name=\"address-1-street_address\" placeholder=\"Ex. Rua Brasil, 15\" id=\"forminator-field-street_address-address-1\" class=\"forminator-input\" data-required=\"1\" aria-required=\"true\" value=\"\" \/><\/div><\/div><\/div><div class=\"forminator-row\"><div class=\"forminator-col\"><div class=\"forminator-field\"><label for=\"forminator-field-address_line-address-1\" class=\"forminator-label\">Apartamento, suite, etc<\/label><input type=\"text\" name=\"address-1-address_line\" placeholder=\"\" id=\"forminator-field-address_line-address-1\" class=\"forminator-input\" data-required=\"\" aria-required=\"false\" value=\"\" \/><\/div><\/div><\/div><div class=\"forminator-row\" data-multiple=\"true\"><div class=\"forminator-col forminator-col-6\"><div class=\"forminator-field\"><label for=\"forminator-field-cityaddress-1\" class=\"forminator-label\">Cidade<\/label><input type=\"text\" name=\"address-1-city\" placeholder=\"Ex. S\u00e3o Paulo\" id=\"forminator-field-cityaddress-1\" class=\"forminator-input\" data-required=\"\" aria-required=\"false\" value=\"\" \/><\/div><\/div><div class=\"forminator-col forminator-col-6\"><div class=\"forminator-field\"><label for=\"forminator-field-state-address-1\" class=\"forminator-label\">Estado\/Prov\u00edncia<\/label><input type=\"text\" name=\"address-1-state\" placeholder=\"Ex. S\u00e3o Paulo\" id=\"forminator-field-state-address-1\" class=\"forminator-input\" data-required=\"\" aria-required=\"false\" value=\"\" \/><\/div><\/div><\/div><div class=\"forminator-row\" data-multiple=\"false\"><div class=\"forminator-col forminator-col-12\"><div class=\"forminator-field\"><label for=\"forminator-field-zip-address-1\" class=\"forminator-label\">CEP \/ C\u00f3digo Postal<\/label><input type=\"text\" name=\"address-1-zip\" placeholder=\"Ex. 2000-000\" id=\"forminator-field-zip-address-1\" class=\"forminator-input\" value=\"\" \/><\/div><\/div><\/div><\/div><\/div><div class=\"forminator-row\"><div id=\"phone-1\" class=\"forminator-col forminator-col-12 \"><div class=\"forminator-field\"><label for=\"forminator-field-phone-1\" class=\"forminator-label\">Telefone fixo<\/label><input type=\"text\" name=\"phone-1\" value=\"\" placeholder=\"(se houver)\" id=\"forminator-field-phone-1\" class=\"forminator-input forminator-field--phone\" data-required=\"\" aria-required=\"false\" autocomplete=\"off\" \/><\/div><\/div><\/div><div class=\"forminator-row\"><div id=\"phone-2\" class=\"forminator-col forminator-col-12 \"><div class=\"forminator-field\"><label for=\"forminator-field-phone-2\" class=\"forminator-label\">Telefone celular<\/label><input type=\"text\" name=\"phone-2\" value=\"\" placeholder=\"\" id=\"forminator-field-phone-2\" class=\"forminator-input forminator-field--phone\" data-required=\"\" aria-required=\"false\" autocomplete=\"off\" \/><\/div><\/div><\/div><div class=\"forminator-row\"><div id=\"text-2\" class=\"forminator-col forminator-col-12 \"><div class=\"forminator-field\"><label for=\"forminator-field-text-2\" class=\"forminator-label\">H\u00e1 quanto tempo frequenta a capela? <span class=\"forminator-required\">*<\/span><\/label><input type=\"text\" name=\"text-2\" value=\"\" placeholder=\"\" id=\"forminator-field-text-2\" class=\"forminator-input forminator-name--field\" data-required=\"1\" \/><\/div><\/div><\/div><div class=\"forminator-row\"><div id=\"html-1\" class=\"forminator-col forminator-col-12 \"><div class=\"forminator-field forminator-merge-tags\"><label class=\"forminator-label\">Para fam\u00edlias<\/label><p><strong><big>Se voc\u00ea representa uma fam\u00edlia, preencha tamb\u00e9m os campos a seguir:<\/big><\/strong><\/p><\/div><\/div><\/div><div class=\"forminator-row\"><div id=\"name-3\" class=\"forminator-col forminator-col-12 \"><div class=\"forminator-field\"><label for=\"forminator-field-name-3\" class=\"forminator-label\">Nome da esposa\/esposo<\/label><input type=\"text\" name=\"name-3\" value=\"\" placeholder=\"\" id=\"forminator-field-name-3\" class=\"forminator-input forminator-name--field\" aria-required=\"false\" \/><\/div><\/div><\/div><div class=\"forminator-row\"><div id=\"textarea-1\" class=\"forminator-col forminator-col-12 \"><div class=\"forminator-field\"><label for=\"forminator-field-textarea-1\" class=\"forminator-label\">Filhos<\/label><textarea name=\"textarea-1\" placeholder=\"Ex. Jos\u00e9 da Silva, 15\/10\/2010\" id=\"forminator-field-textarea-1\" class=\"forminator-textarea\" rows=\"6\" style=\"min-height:140px;\" ><\/textarea><span class=\"forminator-description\">Um filho(a) por linha. Inclua nome e ano de nascimento de cada.<\/span><\/div><\/div><\/div><div class=\"forminator-row\"><div id=\"upload-2\" class=\"forminator-col forminator-col-12 \"><div class=\"forminator-field\"><label for=\"forminator-field-upload-2\" class=\"forminator-label\">Foto da fam\u00edlia<\/label><div class=\"forminator-file-upload \" data-element=\"upload-2\"><input type=\"file\" name=\"upload-2\" id=\"forminator-field-upload-2\" class=\"forminator-input-file\" accept=\".jpg,.jpeg,.jpe,.png,.gif,.mov,.qt,.avi,.mpeg,.mpg,.mpe,.3gp,.3gpp,.3g2,.3gp2,.mid,.midi,.pdf,.doc,.docx,.docm,.pot,.pps,.ppt,.pptx,.pptm,.odt,.ppsx,.ppsm,.xla,.xls,.xlt,.xlw,.xlsx,.xlsm,.xlsb,.key,.mp3,.m4a,.m4b,.ogg,.oga,.flac,.wav,.mp4,.m4v,.webm,.ogv,.flv\"><button id=\"forminator-field-upload-2_button\" class=\"forminator-button forminator-button-upload\" data-id=\"forminator-field-upload-2\">Selecione Arquivo<\/button><span data-empty-text=\"Nenhum arquivo selecionado ainda\">Nenhum arquivo selecionado ainda<\/span><button class=\"forminator-button-delete\" style=\"display: none;\"><i class=\"forminator-icon-close\" aria-hidden=\"true\"><\/i><span class=\"forminator-screen-reader-only\">Deletar arquivo enviado<\/span><\/button><\/div><span class=\"forminator-description\" aria-describedby=\"forminator-field-upload-2\">Se voc\u00ea est\u00e1 cadastrando esposa\/o e filhos, inclua tamb\u00e9m uma foto da fam\u00edlia<\/span><\/div><\/div><\/div><div class=\"forminator-row\"><div id=\"section-1\" class=\"forminator-col forminator-col-12 \"><div class=\"forminator-field\"><h2 class=\"forminator-title\">Para finalizar, digite os caracteres abaixo:<\/h2><h3 class=\"forminator-subtitle\">Digite exatamente como aparece, em min\u00fasculas, sem espa\u00e7os<\/h3><\/div><\/div><\/div><div class=\"forminator-row\"><div id=\"html-2\" class=\"forminator-col forminator-col-12 \"><div class=\"forminator-field forminator-merge-tags\"><p>fsspx2224 <small>(<a href=\"https:\/\/www.calculator.io\/pt\/gerador-de-n\u00famero-aleat\u00f3rio\/\" rel=\"nofollow\" target=\"_blank\" style=\"text-decoration:none;color:inherit;cursor:default\">aleat\u00f3rio<\/a>)<\/small><\/p><\/div><\/div><\/div><div class=\"forminator-row\"><div id=\"text-1\" class=\"forminator-col forminator-col-12 \"><div class=\"forminator-field\"><label for=\"forminator-field-text-1\" class=\"forminator-label\">Digite os caracteres aqui: <span class=\"forminator-required\">*<\/span><\/label><input type=\"text\" name=\"text-1\" value=\"\" placeholder=\"\" id=\"forminator-field-text-1\" class=\"forminator-input forminator-name--field\" data-required=\"1\" \/><\/div><\/div><\/div><input type=\"hidden\" name=\"referer_url\" value=\"\" \/><div class=\"forminator-row forminator-row-last\"><div class=\"forminator-col\"><div class=\"forminator-field\"><span class=\"forminator-screen-reader-only\" role=\"note\">Este formul\u00e1rio ir\u00e1 redirecion\u00e1-lo para outra p\u00e1gina, uma vez enviado.<\/span><button class=\"forminator-button forminator-button-submit\">Criar meu cadastro<\/button><\/div><\/div><\/div><input type=\"hidden\" id=\"forminator_nonce\" name=\"forminator_nonce\" value=\"0988d99a5e\" \/><input type=\"hidden\" name=\"_wp_http_referer\" value=\"\/prioradosp\/wp-json\/wp\/v2\/pages\/14\" \/><input type=\"hidden\" name=\"form_id\" value=\"4\"><input type=\"hidden\" name=\"page_id\" value=\"14\"><input type=\"hidden\" name=\"form_type\" value=\"registration\"><input type=\"hidden\" name=\"current_url\" value=\"https:\/\/agendamento.fsspx.com.br\/prioradosp\/wp-json\/wp\/v2\/pages\/14\/\"><input type=\"hidden\" name=\"render_id\" value=\"0\"><input type=\"hidden\" name=\"action\" value=\"forminator_submit_form_custom-forms\"><label for=\"input_18\" class=\"forminator-hidden\" aria-hidden=\"true\">Por favor, n\u00e3o preencha este campo. <input id=\"input_18\" type=\"text\" name=\"input_18\" value=\"\" autocomplete=\"off\"><\/label><\/form><\/div>\n","protected":false},"excerpt":{"rendered":"<p>\u00c9 necess\u00e1rio fazer um cadastro antes de agendar sua presen\u00e7a nas Missas. Por favor, preencha cuidadosa e integralmente o formul\u00e1rio abaixo. Importante: crie apenas um cadastro. Se voc\u00ea esqueceu sua senha, clique aqui para criar uma nova (N\u00c3O crie um novo cadastro!)<\/p>\n","protected":false},"author":1,"featured_media":0,"parent":0,"menu_order":0,"comment_status":"closed","ping_status":"closed","template":"","meta":{"footnotes":""},"class_list":["post-14","page","type-page","status-publish","hentry"],"_links":{"self":[{"href":"https:\/\/agendamento.fsspx.com.br\/prioradosp\/wp-json\/wp\/v2\/pages\/14","targetHints":{"allow":["GET"]}}],"collection":[{"href":"https:\/\/agendamento.fsspx.com.br\/prioradosp\/wp-json\/wp\/v2\/pages"}],"about":[{"href":"https:\/\/agendamento.fsspx.com.br\/prioradosp\/wp-json\/wp\/v2\/types\/page"}],"author":[{"embeddable":true,"href":"https:\/\/agendamento.fsspx.com.br\/prioradosp\/wp-json\/wp\/v2\/users\/1"}],"replies":[{"embeddable":true,"href":"https:\/\/agendamento.fsspx.com.br\/prioradosp\/wp-json\/wp\/v2\/comments?post=14"}],"version-history":[{"count":3,"href":"https:\/\/agendamento.fsspx.com.br\/prioradosp\/wp-json\/wp\/v2\/pages\/14\/revisions"}],"predecessor-version":[{"id":28636,"href":"https:\/\/agendamento.fsspx.com.br\/prioradosp\/wp-json\/wp\/v2\/pages\/14\/revisions\/28636"}],"wp:attachment":[{"href":"https:\/\/agendamento.fsspx.com.br\/prioradosp\/wp-json\/wp\/v2\/media?parent=14"}],"curies":[{"name":"wp","href":"https:\/\/api.w.org\/{rel}","templated":true}]}}