{"id":1047,"date":"2021-03-09T18:10:44","date_gmt":"2021-03-09T21:10:44","guid":{"rendered":"https:\/\/agendamento.fsspx.com.br\/campinas\/?page_id=1047"},"modified":"2021-03-09T18:28:00","modified_gmt":"2021-03-09T21:28:00","slug":"meus-agendamentos","status":"publish","type":"page","link":"https:\/\/agendamento.fsspx.com.br\/campinas\/meus-agendamentos\/","title":{"rendered":"Meus agendamentos"},"content":{"rendered":"\n<p>Confira abaixo seus agendamentos j\u00e1 feitos. Voc\u00ea pode cancel\u00e1-los, se for preciso:<\/p>\n\n\n<div id=\"booked-profile-page\">\n\n\t\t\t\t<div id=\"booked-page-form\">\n\n\t\t\t\t\t<ul class=\"booked-tabs login bookedClearFix\">\n\t\t\t\t\t\t<li class=\"active\"><a href=\"#login\"><i class=\"fa-solid fa-lock\"><\/i>Entrar<\/a><\/li>\n\t\t\t\t\t\t\t\t\t\t\t\t<li><a href=\"#forgot\"><i class=\"fa-solid fa-circle-question\"><\/i>Esqueceu a senha?<\/a><\/li>\n\t\t\t\t\t<\/ul>\n\n\t\t\t\t\t<div id=\"profile-login\" class=\"booked-tab-content\">\n\n\t\t\t\t\t\t\n\t\t\t\t\t\t\n\t\t\t\t\t\t<div class=\"booked-form-wrap bookedClearFix\">\n\t\t\t\t\t\t\t<div class=\"booked-custom-error\">Both fields are required to log in.<\/div>\n\t\t\t\t\t\t\t\n\t\t\t\t\t\t\t<p>Para agendar-se, voc\u00ea precisa acessar o sistema com seu e-mail e a senha escolhida durante seu cadastro<\/p>\n<form name=\"loginform\" id=\"loginform\" action=\"https:\/\/agendamento.fsspx.com.br\/campinas\/wp-login.php\" method=\"post\"><input type=\"hidden\" name=\"booked_login_form\" value=\"1\"><p class=\"login-username\">\n\t\t\t\t<label for=\"user_login\">Seu e-mail<\/label>\n\t\t\t\t<input type=\"text\" name=\"log\" id=\"user_login\" autocomplete=\"username\" class=\"input\" value=\"\" size=\"20\" \/>\n\t\t\t<\/p><p class=\"login-password\">\n\t\t\t\t<label for=\"user_pass\">Senha<\/label>\n\t\t\t\t<input type=\"password\" name=\"pwd\" id=\"user_pass\" autocomplete=\"current-password\" spellcheck=\"false\" class=\"input\" value=\"\" size=\"20\" \/>\n\t\t\t<\/p><p class=\"login-remember\"><label><input name=\"rememberme\" type=\"checkbox\" id=\"rememberme\" value=\"forever\" \/> Lembrar-me<\/label><\/p><p class=\"login-submit\">\n\t\t\t\t<input type=\"submit\" name=\"wp-submit\" id=\"wp-submit\" class=\"button button-primary\" value=\"Acessar\" \/>\n\t\t\t\t<input type=\"hidden\" name=\"redirect_to\" value=\"https:\/\/agendamento.fsspx.com.br\/campinas\/\" \/>\n\t\t\t<\/p><\/form>\n\t\t\t\t\t\t<\/div>\n\t\t\t\t\t<\/div>\n\n\t\t\t\t\t\n\t\t\t\t\t<div id=\"profile-forgot\" class=\"booked-tab-content\">\n\t\t\t\t\t\t<div class=\"booked-form-wrap bookedClearFix\">\n\t\t\t\t\t\t\t<div class=\"booked-custom-error\">Por favor, digite seu e-mail para continuar.<\/div>\n\t\t\t\t\t\t\t<form method=\"post\" action=\"https:\/\/agendamento.fsspx.com.br\/campinas\/wp-login.php?action=lostpassword\" class=\"wp-user-form\">\n\t\t\t\t\t\t\t\t<p class=\"username\">\n\t\t\t\t\t\t\t\t\t<label for=\"user_login\">Qual o seu e-mail de cadastro?<\/label>\n\t\t\t\t\t\t\t\t\t<input type=\"text\" name=\"user_login\" value=\"\" size=\"20\" id=\"user_login\" tabindex=\"1001\" \/>\n\t\t\t\t\t\t\t\t<\/p>\n\n\t\t\t\t\t\t\t\t\t\t\t\t\t\t\t\t<input type=\"submit\" name=\"user-submit\" value=\"Criar uma nova senha\" class=\"user-submit button-primary\" tabindex=\"1002\" \/>\n\t\t\t\t\t\t\t\t<input type=\"hidden\" name=\"redirect_to\" value=\"https:\/\/agendamento.fsspx.com.br\/campinas\/meus-agendamentos\/?reset=true\" \/>\n\t\t\t\t\t\t\t\t<input type=\"hidden\" name=\"user-cookie\" value=\"1\" \/>\n\n\t\t\t\t\t\t\t<\/form>\n\t\t\t\t\t\t<\/div>\n\t\t\t\t\t<\/div>\n\t\t\t\t<\/div><!-- END #booked-page-form -->\n\n\t\t\t<\/div>\n\n\n<p>Fa\u00e7a login para ver seus agendamentos realizados.<\/p>\n","protected":false},"excerpt":{"rendered":"<p>Confira abaixo seus agendamentos j\u00e1 feitos. Voc\u00ea pode cancel\u00e1-los, se for preciso:<\/p>\n","protected":false},"author":1,"featured_media":0,"parent":0,"menu_order":0,"comment_status":"closed","ping_status":"closed","template":"","meta":{"footnotes":""},"class_list":["post-1047","page","type-page","status-publish","hentry"],"_links":{"self":[{"href":"https:\/\/agendamento.fsspx.com.br\/campinas\/wp-json\/wp\/v2\/pages\/1047","targetHints":{"allow":["GET"]}}],"collection":[{"href":"https:\/\/agendamento.fsspx.com.br\/campinas\/wp-json\/wp\/v2\/pages"}],"about":[{"href":"https:\/\/agendamento.fsspx.com.br\/campinas\/wp-json\/wp\/v2\/types\/page"}],"author":[{"embeddable":true,"href":"https:\/\/agendamento.fsspx.com.br\/campinas\/wp-json\/wp\/v2\/users\/1"}],"replies":[{"embeddable":true,"href":"https:\/\/agendamento.fsspx.com.br\/campinas\/wp-json\/wp\/v2\/comments?post=1047"}],"version-history":[{"count":2,"href":"https:\/\/agendamento.fsspx.com.br\/campinas\/wp-json\/wp\/v2\/pages\/1047\/revisions"}],"predecessor-version":[{"id":1053,"href":"https:\/\/agendamento.fsspx.com.br\/campinas\/wp-json\/wp\/v2\/pages\/1047\/revisions\/1053"}],"wp:attachment":[{"href":"https:\/\/agendamento.fsspx.com.br\/campinas\/wp-json\/wp\/v2\/media?parent=1047"}],"curies":[{"name":"wp","href":"https:\/\/api.w.org\/{rel}","templated":true}]}}