{"id":10,"date":"2021-03-03T11:33:48","date_gmt":"2021-03-03T14:33:48","guid":{"rendered":"https:\/\/agendamento.fsspx.com.br\/campinas\/?page_id=10"},"modified":"2021-03-03T16:39:09","modified_gmt":"2021-03-03T19:39:09","slug":"capela-imaculada-conceicao","status":"publish","type":"page","link":"https:\/\/agendamento.fsspx.com.br\/campinas\/","title":{"rendered":"Capela Imaculada Concei\u00e7\u00e3o"},"content":{"rendered":"\n<p>Bem-vindo ao sistema de agendamentos. Escolha uma op\u00e7\u00e3o abaixo para continuar:<\/p>\n\n\n\n<div class=\"wp-block-buttons is-layout-flex wp-block-buttons-is-layout-flex\">\n<div class=\"wp-block-button\"><a class=\"wp-block-button__link\" href=\"https:\/\/agendamento.fsspx.com.br\/campinas\/cadastro\/\">AINDA N\u00c3O TENHO UM CADASTRO<\/a><\/div>\n<\/div>\n\n\n\n<p><em>Um cadastro \u00e9 necess\u00e1rio para agendar sua presen\u00e7a em uma Missa. Se voc\u00ea ainda n\u00e3o o fez, clique no bot\u00e3o acima antes de tentar fazer um agendamento.<\/em><\/p>\n\n\n\n<div class=\"wp-block-buttons is-layout-flex wp-block-buttons-is-layout-flex\">\n<div class=\"wp-block-button\"><a class=\"wp-block-button__link has-background\" href=\"https:\/\/agendamento.fsspx.com.br\/campinas\/agendamento\/\" style=\"background-color:#068fc9\">J\u00c1 TENHO CADASTRO e QUERO AGENDAR MISSA<\/a><\/div>\n<\/div>\n","protected":false},"excerpt":{"rendered":"<p>Bem-vindo ao sistema de agendamentos. Escolha uma op\u00e7\u00e3o abaixo para continuar: Um cadastro \u00e9 necess\u00e1rio para agendar sua presen\u00e7a em uma Missa. Se voc\u00ea ainda n\u00e3o o fez, clique no bot\u00e3o acima antes de tentar fazer um agendamento.<\/p>\n","protected":false},"author":1,"featured_media":0,"parent":0,"menu_order":0,"comment_status":"closed","ping_status":"closed","template":"","meta":{"footnotes":""},"class_list":["post-10","page","type-page","status-publish","hentry"],"_links":{"self":[{"href":"https:\/\/agendamento.fsspx.com.br\/campinas\/wp-json\/wp\/v2\/pages\/10","targetHints":{"allow":["GET"]}}],"collection":[{"href":"https:\/\/agendamento.fsspx.com.br\/campinas\/wp-json\/wp\/v2\/pages"}],"about":[{"href":"https:\/\/agendamento.fsspx.com.br\/campinas\/wp-json\/wp\/v2\/types\/page"}],"author":[{"embeddable":true,"href":"https:\/\/agendamento.fsspx.com.br\/campinas\/wp-json\/wp\/v2\/users\/1"}],"replies":[{"embeddable":true,"href":"https:\/\/agendamento.fsspx.com.br\/campinas\/wp-json\/wp\/v2\/comments?post=10"}],"version-history":[{"count":5,"href":"https:\/\/agendamento.fsspx.com.br\/campinas\/wp-json\/wp\/v2\/pages\/10\/revisions"}],"predecessor-version":[{"id":592,"href":"https:\/\/agendamento.fsspx.com.br\/campinas\/wp-json\/wp\/v2\/pages\/10\/revisions\/592"}],"wp:attachment":[{"href":"https:\/\/agendamento.fsspx.com.br\/campinas\/wp-json\/wp\/v2\/media?parent=10"}],"curies":[{"name":"wp","href":"https:\/\/api.w.org\/{rel}","templated":true}]}}